{"id":469,"date":"2020-08-08T16:43:11","date_gmt":"2020-08-08T14:43:11","guid":{"rendered":"https:\/\/cbpnetwork.fr\/?page_id=469"},"modified":"2020-09-13T20:36:38","modified_gmt":"2020-09-13T18:36:38","slug":"about-me-2","status":"publish","type":"page","link":"https:\/\/cbpnetwork.fr\/index.php\/about-me-2\/","title":{"rendered":"About Me"},"content":{"rendered":"<section class=\"wpb-content-wrapper\"><p>[vc_row css_animation=&#8221;&#8221; row_type=&#8221;row&#8221; use_row_as_full_screen_section=&#8221;no&#8221; type=&#8221;grid&#8221; angled_section=&#8221;no&#8221; text_align=&#8221;left&#8221; background_image_as_pattern=&#8221;without_pattern&#8221; z_index=&#8221;&#8221; css=&#8221;.vc_custom_1597581874516{margin-bottom: 50px !important;padding-top: 50px !important;background-position: center !important;background-repeat: no-repeat !important;background-size: contain !important;}&#8221;][vc_column][vc_column_text]<\/p>\n<p style=\"text-align: justify;\"><span class='q_dropcap circle' style='background-color:  #e53983; color: black;font-size: 24px;'>D<\/span>e formation litt\u00e9raire, je suis une communicante n\u00e9e. J\u2019ai travaill\u00e9 pendant seize ans comme salari\u00e9e \u00e0 diff\u00e9rents postes li\u00e9s au marketing, \u00e0 la communication et au commercial. J\u2019y ai pris beaucoup de plaisir, mais il est arriv\u00e9 un moment o\u00f9 j\u2019ai eu besoin d\u2019autre chose, envie de prendre un nouveau chemin. Tr\u00e8s ouverte aux technologies, j\u2019ai plong\u00e9 sans h\u00e9sitation dans le monde du digital d\u00e8s son apparition. J\u2019ai notamment \u00e9t\u00e9 initi\u00e9e lors d\u2019une exp\u00e9rience chez Vente-privee.com en 2007. J\u2019ai donc d\u2019abord cr\u00e9\u00e9 une activit\u00e9 de Community Manager. Puis j\u2019ai d\u00e9cid\u00e9 d\u2019aborder le digital sous un angle plus strat\u00e9gique et plus global, en incluant le volet pr\u00e9vention, qui m\u2019apparait comme absolument crucial. A l\u2019issue d\u2019un accompagnement en couveuse d\u2019entreprise, \u00e0 la BGE Parif, j\u2019ai cr\u00e9\u00e9 CBPNetwork.fr.<\/p>\n<p>[\/vc_column_text][vc_empty_space height=&#8221;10px&#8221;][\/vc_column][\/vc_row][vc_row css_animation=&#8221;&#8221; row_type=&#8221;row&#8221; use_row_as_full_screen_section=&#8221;no&#8221; type=&#8221;grid&#8221; angled_section=&#8221;no&#8221; text_align=&#8221;left&#8221; background_image_as_pattern=&#8221;without_pattern&#8221; z_index=&#8221;&#8221; background_color=&#8221;#ffffff&#8221; padding_top=&#8221;10&#8243; padding_bottom=&#8221;10&#8243; css=&#8221;.vc_custom_1597581994005{margin-top: 0px !important;margin-bottom: 0px !important;padding-top: 0px !important;padding-bottom: 0px !important;background-color: #ffffff !important;background-position: center !important;background-repeat: no-repeat !important;background-size: contain !important;}&#8221;][vc_column width=&#8221;1\/2&#8243; css=&#8221;.vc_custom_1597583581014{margin-top: 0px !important;margin-right: 0px !important;margin-bottom: 0px !important;padding-right: 0px !important;}&#8221;][vc_single_image image=&#8221;552&#8243; img_size=&#8221;full&#8221; qode_css_animation=&#8221;&#8221; css=&#8221;.vc_custom_1597585229870{margin-top: 0px !important;margin-bottom: 0px !important;}&#8221;][\/vc_column][vc_column width=&#8221;1\/2&#8243; css=&#8221;.vc_custom_1597584614848{padding-left: 20px !important;}&#8221;][vc_empty_space height=&#8221;40px&#8221;][vc_column_text]\u00ab\u00a0<em>Do what you want, love what you do!<\/em>\u00a0\u00bb, est l\u2019une de mes citations pr\u00e9f\u00e9r\u00e9es (<em>\u00ab Fais ce que tu veux, aime ce que tu fais ! \u00bb)<\/em>. C\u2019est la base selon moi pour \u00eatre heureux au travail et dans la vie. Le respect, la confiance, la sinc\u00e9rit\u00e9, l\u2019altruisme et la g\u00e9n\u00e9rosit\u00e9 font partie de mes valeurs cl\u00e9s. J\u2019aime les gens, j\u2019aime mes clients, j\u2019aime mon m\u00e9tier, et c\u2019est une v\u00e9ritable chance de pouvoir le vivre au quotidien et l\u2019assumer pleinement\u2026<\/p>\n<p>&nbsp;<\/p>\n<p><strong>L\u2019activit\u00e9 de l\u2019agence se d\u00e9coupe en trois volets<\/strong><\/p>\n<ul>\n<li>L\u2019accompagnement digital des Startup,<\/li>\n<li>L\u2019animation de workshops pour les jeunes entrepreneur(e)s,<\/li>\n<li>L\u2019organisation de conf\u00e9rences et Master classes sur le Marketing digital, le Growthhacking et le Personal Branding pour les \u00e9tudiants des Ecoles sup\u00e9rieures.<\/li>\n<\/ul>\n<p>&nbsp;<\/p>\n<p>Par ailleurs, j\u2019aide les entreprises \u00e0 d\u00e9velopper leur visibilit\u00e9 et leur notori\u00e9t\u00e9 sur le web et les r\u00e9seaux sociaux. Je forme les jeunes et les personnes en insertion professionnelle. Par le pass\u00e9, il m\u2019est arriv\u00e9 d\u2019intervenir dans de nombreux \u00e9tablissements scolaires de l\u2019Essonne, afin de sensibiliser les adolescents aux bonnes pratiques et aux risques sp\u00e9cifiques du web.[\/vc_column_text][\/vc_column][\/vc_row][vc_row css_animation=&#8221;&#8221; row_type=&#8221;row&#8221; use_row_as_full_screen_section=&#8221;no&#8221; type=&#8221;grid&#8221; angled_section=&#8221;no&#8221; text_align=&#8221;left&#8221; background_image_as_pattern=&#8221;without_pattern&#8221; z_index=&#8221;&#8221; background_color=&#8221;#ffffff&#8221; padding_top=&#8221;10&#8243; padding_bottom=&#8221;10&#8243; css=&#8221;.vc_custom_1597581994005{margin-top: 0px !important;margin-bottom: 0px !important;padding-top: 0px !important;padding-bottom: 0px !important;background-color: #ffffff !important;background-position: center !important;background-repeat: no-repeat !important;background-size: contain !important;}&#8221;][vc_column width=&#8221;1\/2&#8243; css=&#8221;.vc_custom_1597584561681{margin-top: 0px !important;margin-bottom: 0px !important;padding-right: 20px !important;padding-bottom: 10px !important;}&#8221;][vc_empty_space height=&#8221;40px&#8221;][vc_column_text]En 2015, j\u2019ai compris qu\u2019il fallait m\u2019entourer d\u2019Expert(e)s, pour compl\u00e9ter mon activit\u00e9 et r\u00e9pondre encore mieux aux demandes sp\u00e9cifiques des clients. Je travaille donc avec 2 partenaires\u00a0de choc :<\/p>\n<p>&nbsp;<\/p>\n<p><strong>Isabelle Quesnel, de l\u2019<a href=\"http:\/\/isaq.pro\/\" target=\"_blank\" rel=\"noopener noreferrer\">Agence Isaq<\/a>\u00a0:<\/strong> Depuis plus de 10 ans, \u00ab\u00a0Isa\u00a0\u00bb, une cr\u00e9ative n\u00e9e, humaine, unique, intuitive et ultra dou\u00e9e, est \u00e0 la t\u00eate d\u2019une agence \u00ab\u00a0Qui rend les gens heureux\u00a0\u00bb. Graphiste et Webdesigner, elle utilise son imagination d\u00e9bordante et toujours en plein dans le mille, pour r\u00e9aliser des logos, des sites internet, des plaquettes web et print qui auront toujours ce petit \u00ab\u00a0truc\u00a0\u00bb en plus. C\u2019est aussi une formatrice hors-pair, avec laquelle il m\u2019arrive d\u2019animer des formations sur la communication print &amp; web depuis plusieurs ann\u00e9es. Que du bonheur, et sachez-le, il est communicatif avec Isaq\u2026 Ah oui, j\u2019oubliais, c\u2019est elle qui a r\u00e9alis\u00e9 ce chouette site internet\u00a0! Merciiii<\/p>\n<p>&nbsp;<\/p>\n<p><strong>Fran\u00e7oise Landur\u00e9, de la soci\u00e9t\u00e9 <a href=\"https:\/\/www.redactevent.fr\" target=\"_blank\" rel=\"noopener noreferrer\">Redactevent<\/a>\u00a0:<\/strong> Formatrice dynamique, elle jongle avec les mots comme un tennisman jonglerait avec une balle, ou comme un rappeur poserait son flow sur un morceau sans faille et dans le beat\u00a0! Vous l\u2019aurez compris, la communication \u00e9ditoriale, la rh\u00e9torique et les mots sont ses terrains de jeu favoris. Et tout \u00e7a pour notre plus grand plaisir\u00a0! Tout le monde ne peut pas se targuer de jouer si facilement avec le r\u00e9dactionnel\u00a0(10 520 pages \u00e9crites, SVP\u00a0!) : Speaker de haut niveau, adepte du Proposal writing, de l\u2019excellence collective et de caf\u00e9, confiez-lui votre communication, et vous surprendrez plus d\u2019un concurrent\u00a0![\/vc_column_text][\/vc_column][vc_column width=&#8221;1\/2&#8243; css=&#8221;.vc_custom_1597583517740{margin-left: 0px !important;padding-left: 0px !important;}&#8221;][vc_single_image image=&#8221;553&#8243; img_size=&#8221;full&#8221; qode_css_animation=&#8221;&#8221; css=&#8221;.vc_custom_1597585257592{margin-top: 0px !important;margin-bottom: 0px !important;}&#8221;][\/vc_column][\/vc_row][vc_row css_animation=&#8221;&#8221; row_type=&#8221;row&#8221; use_row_as_full_screen_section=&#8221;no&#8221; type=&#8221;full_width&#8221; angled_section=&#8221;no&#8221; text_align=&#8221;left&#8221; background_image_as_pattern=&#8221;without_pattern&#8221; z_index=&#8221;&#8221;][vc_column]<div class=\"qode-simple-quote-holder \">\n\t<div class=\"qode-simple-quote-triangle-shadow\">\n\t\t\n\t<\/div>\n\t<div class=\"qode-simple-quote-triangle\" style=\"border-bottom-color: #ffffff\">\n\t\t\n\t<\/div>\n\t<div class=\"qode-simple-quote-holder-inner\" style=\"background-color: #ffffff;border-color: #ffffff\">\n\t\t<div class=\"qode-simple-quote-icon-holder\" \">\n\t\t\t<svg x=\"0px\" y=\"0px\" width=\"118px\" height=\"97px\" viewBox=\"0 0 118 97\" enable-background=\"new 0 0 118 97\" xml:space=\"preserve\">\n\t\t\t\t<g>\n\t\t\t\t\t<path d=\"M31.1,73.998c5.688-7.111,8.535-14.316,8.535-21.617c0-3.09-0.371-5.751-1.113-7.978c-4.332,3.34-9.031,5.009-14.102,5.009\n\t\t\t\t\t\tc-6.929,0-12.71-2.194-17.349-6.586c-4.639-4.389-6.958-10.298-6.958-17.72c0-6.926,2.348-12.71,7.051-17.349\n\t\t\t\t\t\tc4.7-4.639,10.452-6.958,17.256-6.958c9.77,0,17.256,4.021,22.451,12.061c4.329,6.68,6.494,15.029,6.494,25.049\n\t\t\t\t\t\tc0,12.742-3.247,24.154-9.741,34.234C37.13,82.227,27.325,90.357,14.215,96.541l-3.525-6.865\n\t\t\t\t\t\tC18.604,86.336,25.409,81.113,31.1,73.998z M95.67,73.998c5.688-7.111,8.535-14.316,8.535-21.617c0-3.09-0.371-5.751-1.113-7.978\n\t\t\t\t\t\tc-4.206,3.34-8.906,5.009-14.102,5.009c-6.804,0-12.556-2.194-17.256-6.586c-4.702-4.389-7.051-10.298-7.051-17.72\n\t\t\t\t\t\tc0-4.575,1.113-8.721,3.34-12.432s5.195-6.616,8.906-8.721c3.711-2.102,7.729-3.154,12.061-3.154\n\t\t\t\t\t\tc9.771,0,17.256,4.021,22.451,12.061c4.329,6.68,6.494,15.029,6.494,25.049c0,12.742-3.247,24.154-9.741,34.234\n\t\t\t\t\t\tC101.7,82.227,91.896,90.357,78.785,96.541l-3.525-6.865C83.175,86.336,89.979,81.113,95.67,73.998z\"\/>\n\t\t\t\t<\/g>\n\t\t\t<\/svg>\n\t\t<\/div>\n\t\t<div class=\"qode-simple-quote-content-holder\">\n\t\t\t<div class=\"qode-simple-quote-content-holder-inner\">\n\t\t\t\t<div class=\"qode-simple-quote-text-holder\" >\n\t\t\t\t\t<h2 class=\"qode-simple-quote-text-title\"> Le mot de la fin : La pers\u00e9v\u00e9rance me donne de l\u2019\u00e9lan, les relations humaines m\u2019animent ! Alors, on se rencontre ?  <\/h2>\n\t\t\t\t<\/div>\n\t\t\t\t<div class=\"qode-simple-quote-author-holder\">\n\t\t\t\t\t<p class=\"qode-simple-quote-author-title\">   <\/p>\n\t\t\t\t<\/div>\n\t\t\t<\/div>\n\t\t<\/div>\n\t<\/div>\n<\/div>[\/vc_column][\/vc_row][vc_row css_animation=&#8221;&#8221; row_type=&#8221;row&#8221; use_row_as_full_screen_section=&#8221;no&#8221; type=&#8221;full_width&#8221; angled_section=&#8221;no&#8221; text_align=&#8221;left&#8221; background_image_as_pattern=&#8221;without_pattern&#8221; css=&#8221;.vc_custom_1597585550737{padding-top: 10px !important;padding-bottom: 10px !important;}&#8221; z_index=&#8221;&#8221;][vc_column][vc_column_text]<\/p>\n<p style=\"text-align: center;\"><em>Certains passages sont extraits de l\u2019interview r\u00e9alis\u00e9e par Fran\u00e7oise Landur\u00e9 de <\/em><a href=\"https:\/\/www.redactevent.fr\/chris-dorival-medias-sociaux-peau\/\" target=\"_blank\" rel=\"noopener noreferrer\"><em>Redactevent<\/em><\/a><em>\u00a0: \u00ab\u00a0<\/em><em>Chris Dorival, les m\u00e9dias sociaux dans la peau\u00a0\u00bb. <\/em><\/p>\n<p>[\/vc_column_text][\/vc_column][\/vc_row]<\/p>\n<\/section>","protected":false},"excerpt":{"rendered":"<p>[vc_row css_animation=&#8221;&#8221; row_type=&#8221;row&#8221; use_row_as_full_screen_section=&#8221;no&#8221; type=&#8221;grid&#8221; angled_section=&#8221;no&#8221; text_align=&#8221;left&#8221; background_image_as_pattern=&#8221;without_pattern&#8221; z_index=&#8221;&#8221; css=&#8221;.vc_custom_1597581874516{margin-bottom: 50px !important;padding-top: 50px !important;background-position: center !important;background-repeat: no-repeat !important;background-size: contain !important;}&#8221;][vc_column][vc_column_text] e formation litt\u00e9raire, je suis une communicante n\u00e9e. J\u2019ai travaill\u00e9 pendant seize ans comme salari\u00e9e \u00e0 diff\u00e9rents postes li\u00e9s au marketing, \u00e0 la communication et&#8230;<\/p>\n","protected":false},"author":1,"featured_media":0,"parent":0,"menu_order":0,"comment_status":"closed","ping_status":"closed","template":"full_width.php","meta":{"_mi_skip_tracking":false,"footnotes":""},"class_list":["post-469","page","type-page","status-publish","hentry"],"yoast_head":"<!-- This site is optimized with the Yoast SEO plugin v20.6 - https:\/\/yoast.com\/wordpress\/plugins\/seo\/ -->\n<title>About Me - CBP Network<\/title>\n<meta name=\"robots\" content=\"index, follow, max-snippet:-1, max-image-preview:large, max-video-preview:-1\" \/>\n<link rel=\"canonical\" href=\"https:\/\/cbpnetwork.fr\/index.php\/about-me-2\/\" \/>\n<meta property=\"og:locale\" content=\"en_US\" \/>\n<meta property=\"og:type\" content=\"article\" \/>\n<meta property=\"og:title\" content=\"About Me - CBP Network\" \/>\n<meta property=\"og:description\" content=\"[vc_row css_animation=&#8221;&#8221; row_type=&#8221;row&#8221; use_row_as_full_screen_section=&#8221;no&#8221; type=&#8221;grid&#8221; angled_section=&#8221;no&#8221; text_align=&#8221;left&#8221; background_image_as_pattern=&#8221;without_pattern&#8221; z_index=&#8221;&#8221; css=&#8221;.vc_custom_1597581874516{margin-bottom: 50px !important;padding-top: 50px !important;background-position: center !important;background-repeat: no-repeat !important;background-size: contain !important;}&#8221;][vc_column][vc_column_text] e formation litt\u00e9raire, je suis une communicante n\u00e9e. J\u2019ai travaill\u00e9 pendant seize ans comme salari\u00e9e \u00e0 diff\u00e9rents postes li\u00e9s au marketing, \u00e0 la communication et...\" \/>\n<meta property=\"og:url\" content=\"https:\/\/cbpnetwork.fr\/index.php\/about-me-2\/\" \/>\n<meta property=\"og:site_name\" content=\"CBP Network\" \/>\n<meta property=\"article:modified_time\" content=\"2020-09-13T18:36:38+00:00\" \/>\n<meta name=\"twitter:card\" content=\"summary_large_image\" \/>\n<meta name=\"twitter:label1\" content=\"Est. reading time\" \/>\n\t<meta name=\"twitter:data1\" content=\"6 minutes\" \/>\n<script type=\"application\/ld+json\" class=\"yoast-schema-graph\">{\"@context\":\"https:\/\/schema.org\",\"@graph\":[{\"@type\":\"WebPage\",\"@id\":\"https:\/\/cbpnetwork.fr\/index.php\/about-me-2\/\",\"url\":\"https:\/\/cbpnetwork.fr\/index.php\/about-me-2\/\",\"name\":\"About Me - CBP Network\",\"isPartOf\":{\"@id\":\"https:\/\/cbpnetwork.fr\/#website\"},\"datePublished\":\"2020-08-08T14:43:11+00:00\",\"dateModified\":\"2020-09-13T18:36:38+00:00\",\"breadcrumb\":{\"@id\":\"https:\/\/cbpnetwork.fr\/index.php\/about-me-2\/#breadcrumb\"},\"inLanguage\":\"en-US\",\"potentialAction\":[{\"@type\":\"ReadAction\",\"target\":[\"https:\/\/cbpnetwork.fr\/index.php\/about-me-2\/\"]}]},{\"@type\":\"BreadcrumbList\",\"@id\":\"https:\/\/cbpnetwork.fr\/index.php\/about-me-2\/#breadcrumb\",\"itemListElement\":[{\"@type\":\"ListItem\",\"position\":1,\"name\":\"Accueil\",\"item\":\"https:\/\/cbpnetwork.fr\/\"},{\"@type\":\"ListItem\",\"position\":2,\"name\":\"About Me\"}]},{\"@type\":\"WebSite\",\"@id\":\"https:\/\/cbpnetwork.fr\/#website\",\"url\":\"https:\/\/cbpnetwork.fr\/\",\"name\":\"CBP Network\",\"description\":\"Agence digitale sp\u00e9cialis\u00e9e en Social Media Management\",\"potentialAction\":[{\"@type\":\"SearchAction\",\"target\":{\"@type\":\"EntryPoint\",\"urlTemplate\":\"https:\/\/cbpnetwork.fr\/?s={search_term_string}\"},\"query-input\":\"required name=search_term_string\"}],\"inLanguage\":\"en-US\"}]}<\/script>\n<!-- \/ Yoast SEO plugin. -->","yoast_head_json":{"title":"About Me - CBP Network","robots":{"index":"index","follow":"follow","max-snippet":"max-snippet:-1","max-image-preview":"max-image-preview:large","max-video-preview":"max-video-preview:-1"},"canonical":"https:\/\/cbpnetwork.fr\/index.php\/about-me-2\/","og_locale":"en_US","og_type":"article","og_title":"About Me - CBP Network","og_description":"[vc_row css_animation=&#8221;&#8221; row_type=&#8221;row&#8221; use_row_as_full_screen_section=&#8221;no&#8221; type=&#8221;grid&#8221; angled_section=&#8221;no&#8221; text_align=&#8221;left&#8221; background_image_as_pattern=&#8221;without_pattern&#8221; z_index=&#8221;&#8221; css=&#8221;.vc_custom_1597581874516{margin-bottom: 50px !important;padding-top: 50px !important;background-position: center !important;background-repeat: no-repeat !important;background-size: contain !important;}&#8221;][vc_column][vc_column_text] e formation litt\u00e9raire, je suis une communicante n\u00e9e. J\u2019ai travaill\u00e9 pendant seize ans comme salari\u00e9e \u00e0 diff\u00e9rents postes li\u00e9s au marketing, \u00e0 la communication et...","og_url":"https:\/\/cbpnetwork.fr\/index.php\/about-me-2\/","og_site_name":"CBP Network","article_modified_time":"2020-09-13T18:36:38+00:00","twitter_card":"summary_large_image","twitter_misc":{"Est. reading time":"6 minutes"},"schema":{"@context":"https:\/\/schema.org","@graph":[{"@type":"WebPage","@id":"https:\/\/cbpnetwork.fr\/index.php\/about-me-2\/","url":"https:\/\/cbpnetwork.fr\/index.php\/about-me-2\/","name":"About Me - CBP Network","isPartOf":{"@id":"https:\/\/cbpnetwork.fr\/#website"},"datePublished":"2020-08-08T14:43:11+00:00","dateModified":"2020-09-13T18:36:38+00:00","breadcrumb":{"@id":"https:\/\/cbpnetwork.fr\/index.php\/about-me-2\/#breadcrumb"},"inLanguage":"en-US","potentialAction":[{"@type":"ReadAction","target":["https:\/\/cbpnetwork.fr\/index.php\/about-me-2\/"]}]},{"@type":"BreadcrumbList","@id":"https:\/\/cbpnetwork.fr\/index.php\/about-me-2\/#breadcrumb","itemListElement":[{"@type":"ListItem","position":1,"name":"Accueil","item":"https:\/\/cbpnetwork.fr\/"},{"@type":"ListItem","position":2,"name":"About Me"}]},{"@type":"WebSite","@id":"https:\/\/cbpnetwork.fr\/#website","url":"https:\/\/cbpnetwork.fr\/","name":"CBP Network","description":"Agence digitale sp\u00e9cialis\u00e9e en Social Media Management","potentialAction":[{"@type":"SearchAction","target":{"@type":"EntryPoint","urlTemplate":"https:\/\/cbpnetwork.fr\/?s={search_term_string}"},"query-input":"required name=search_term_string"}],"inLanguage":"en-US"}]}},"_links":{"self":[{"href":"https:\/\/cbpnetwork.fr\/index.php\/wp-json\/wp\/v2\/pages\/469","targetHints":{"allow":["GET"]}}],"collection":[{"href":"https:\/\/cbpnetwork.fr\/index.php\/wp-json\/wp\/v2\/pages"}],"about":[{"href":"https:\/\/cbpnetwork.fr\/index.php\/wp-json\/wp\/v2\/types\/page"}],"author":[{"embeddable":true,"href":"https:\/\/cbpnetwork.fr\/index.php\/wp-json\/wp\/v2\/users\/1"}],"replies":[{"embeddable":true,"href":"https:\/\/cbpnetwork.fr\/index.php\/wp-json\/wp\/v2\/comments?post=469"}],"version-history":[{"count":49,"href":"https:\/\/cbpnetwork.fr\/index.php\/wp-json\/wp\/v2\/pages\/469\/revisions"}],"predecessor-version":[{"id":791,"href":"https:\/\/cbpnetwork.fr\/index.php\/wp-json\/wp\/v2\/pages\/469\/revisions\/791"}],"wp:attachment":[{"href":"https:\/\/cbpnetwork.fr\/index.php\/wp-json\/wp\/v2\/media?parent=469"}],"curies":[{"name":"wp","href":"https:\/\/api.w.org\/{rel}","templated":true}]}}