{"id":691,"date":"2020-08-22T14:39:12","date_gmt":"2020-08-22T12:39:12","guid":{"rendered":"https:\/\/cbpnetwork.fr\/?page_id=691"},"modified":"2020-09-13T21:40:08","modified_gmt":"2020-09-13T19:40:08","slug":"conference-et-masterclass-sur-le-marketing-digital","status":"publish","type":"page","link":"https:\/\/cbpnetwork.fr\/index.php\/conference-et-masterclass-sur-le-marketing-digital\/","title":{"rendered":"Conf\u00e9rence et Masterclass sur le Marketing digital"},"content":{"rendered":"<section class=\"wpb-content-wrapper\"><p>[vc_row css_animation=&#8221;&#8221; row_type=&#8221;row&#8221; use_row_as_full_screen_section=&#8221;no&#8221; type=&#8221;grid&#8221; angled_section=&#8221;no&#8221; text_align=&#8221;left&#8221; background_image_as_pattern=&#8221;without_pattern&#8221; z_index=&#8221;&#8221; background_color=&#8221;#ffffff&#8221; padding_top=&#8221;10&#8243; padding_bottom=&#8221;10&#8243; css=&#8221;.vc_custom_1597588270662{margin-top: 0px !important;margin-bottom: 0px !important;padding-top: 30px !important;padding-bottom: 30px !important;background-color: #ffffff !important;background-position: center !important;background-repeat: no-repeat !important;background-size: contain !important;}&#8221;][vc_column width=&#8221;1\/2&#8243; css=&#8221;.vc_custom_1597588365165{margin-top: 0px !important;margin-right: 0px !important;margin-bottom: 0px !important;padding-right: 0px !important;}&#8221;][vc_single_image image=&#8221;708&#8243; img_size=&#8221;full&#8221; alignment=&#8221;center&#8221; qode_css_animation=&#8221;&#8221; qode_hover_animation=&#8221;zoom_in&#8221; css=&#8221;.vc_custom_1598217350519{margin-top: 10px !important;margin-bottom: 0px !important;}&#8221;][\/vc_column][vc_column width=&#8221;1\/2&#8243; css=&#8221;.vc_custom_1597584614848{padding-left: 20px !important;}&#8221;][vc_empty_space height=&#8221;20px&#8221;][vc_column_text]<\/p>\n<h3>Le Marketing digital, le Growthhacking, la pr\u00e9vention en cyberharc\u00e8lement ou encore le Personal Branding pour les \u00e9tudiants des \u00c9coles sup\u00e9rieures, sont des th\u00e9matiques tr\u00e8s pris\u00e9es ces derniers mois. Le march\u00e9 du travail est de plus en plus exigeant, et il requiert d\u00e9sormais, en plus des soft skills et des comp\u00e9tences techniques pouss\u00e9es, une exp\u00e9rience de la vie en entreprise\u2026<\/h3>\n<p>De nombreux Responsables p\u00e9dagogiques ont recours \u00e0 des Intervenants ext\u00e9rieurs, tels que des Entrepreneur(e)s (de fa\u00e7on ponctuelle ou permanente), pour dynamiser les cours dispens\u00e9s, et les rendre plus professionnalisant. Aussi, bon nombre d\u2019\u00c9coles sup\u00e9rieures aiment \u00e0 motiver leurs \u00e9tudiants ou recherchent une expertise terrain en Marketing digital pour se diff\u00e9rencier des autres.[\/vc_column_text][\/vc_column][\/vc_row][vc_row css_animation=&#8221;&#8221; row_type=&#8221;row&#8221; use_row_as_full_screen_section=&#8221;no&#8221; type=&#8221;grid&#8221; angled_section=&#8221;no&#8221; text_align=&#8221;left&#8221; background_image_as_pattern=&#8221;without_pattern&#8221; z_index=&#8221;&#8221; background_color=&#8221;#ffffff&#8221; padding_top=&#8221;10&#8243; padding_bottom=&#8221;10&#8243; css=&#8221;.vc_custom_1597589212498{margin-top: 0px !important;margin-bottom: 0px !important;padding-top: 30px !important;padding-bottom: 30px !important;background-color: #f6f3f3 !important;background-position: center !important;background-repeat: no-repeat !important;background-size: contain !important;}&#8221;][vc_column width=&#8221;1\/2&#8243; css=&#8221;.vc_custom_1597584561681{margin-top: 0px !important;margin-bottom: 0px !important;padding-right: 20px !important;padding-bottom: 10px !important;}&#8221;][vc_column_text]Depuis 2015, CBPNetwork.fr accompagne plusieurs \u00c9coles sup\u00e9rieures et a form\u00e9 de nombreux \u00e9tudiants \u00e0 ces sujets 100 % d\u2019actualit\u00e9. En plus du retour d\u2019exp\u00e9rience terrain, nous poss\u00e9dons des connaissances actualis\u00e9es r\u00e9guli\u00e8rement par le biais de formations.<\/p>\n<p>&nbsp;<\/p>\n<p>Quoi de mieux que des conf\u00e9rences th\u00e9matiques d\u00e9di\u00e9es ou des d\u00e9bats partants de cas clients r\u00e9els, pour compl\u00e9ter un cours magistral et le rendre bien plus vivant ? A l\u2019aide des Workshops collaboratifs sur-mesure, les \u00e9tudiants peuvent vivre en temps r\u00e9el, des situations auxquelles ils seraient confront\u00e9s IRL (In Real Life, ce qui signifie : dans la vraie vie).[\/vc_column_text][vc_empty_space][vc_column_text]<strong>Quelques exemples de Master-Classes r\u00e9alis\u00e9es, (Autres sujets possibles sur demande) :<\/strong><\/p>\n<ol>\n<li>\u00ab\u00a0\u00c9volutions &amp; impact du num\u00e9rique sur les pratiques personnelles &amp; professionnelles\u00a0\u00bb<\/li>\n<li>\u00ab\u00a0Travailler son Personal Branding et son E-r\u00e9putation\u00a0\u00bb<\/li>\n<li>\u00ab\u00a0Comment d\u00e9velopper un personal Branding original\u00a0?\u00a0\u00bb<\/li>\n<li>\u00ab\u00a0S\u00e9curiser ses data en ligne &amp; ses profils sur les r\u00e9seaux sociaux\u00a0\u00bb<\/li>\n<li>\u00ab\u00a0Mettre en place une campagne de pr\u00e9vention en cyberharc\u00e8lement\u00a0\u00bb<\/li>\n<li>\u00ab\u00a0Les cons\u00e9quences du cyberharc\u00e8lement chez les jeunes adultes\u00a0\u00bb<\/li>\n<li>\u00ab\u00a0L\u2019importance des r\u00e9seaux sociaux chez les Millenials\u00a0\u00bb<\/li>\n<\/ol>\n<p>[\/vc_column_text][\/vc_column][vc_column width=&#8221;1\/2&#8243; css=&#8221;.vc_custom_1597583517740{margin-left: 0px !important;padding-left: 0px !important;}&#8221;][vc_single_image image=&#8221;428&#8243; img_size=&#8221;full&#8221; qode_css_animation=&#8221;&#8221; css=&#8221;.vc_custom_1598217485073{margin-top: 0px !important;margin-bottom: 0px !important;}&#8221;][vc_column_text css=&#8221;.vc_custom_1598217615779{margin-top: 20px !important;}&#8221;]<\/p>\n<h3>Nous proposons 2 formules au choix*<\/h3>\n<p>[\/vc_column_text][vc_separator type=&#8221;small&#8221; position=&#8221;left&#8221; color=&#8221;#e53983&#8243;][vc_column_text]<strong>Le plus\u00a0:<\/strong> Les \u00e9tudes de cas r\u00e9elles en lien avec le programme de l\u2019\u00e9cole, et des \u00a0conf\u00e9rences avec possibilit\u00e9 en afterwork ou le samedi. En bonus\u00a0: le replay \u00e0 l\u2019issue de l\u2019intervention.<\/p>\n<ol>\n<li><strong><em><span style=\"color: #e73483;\">Formule 1\u00a0<\/span><\/em> <\/strong>Session de 2 heures \/ conf\u00e9rences ou MasterClass, \u00e0 distance en classes virtuelles via Google Classroom ou Webroom.<\/li>\n<\/ol>\n<ol start=\"2\">\n<li><em><strong><span style=\"color: #e73483;\">Formule 2 <\/span><\/strong><\/em>Conf\u00e9rence d\u2019une heure (en pr\u00e9sentiel), en mode TedX, coupl\u00e9e \u00e0 une Masterclass de 3 heures film\u00e9e par un professionnel de l\u2019audiovisuel (soit une \u00bd journ\u00e9e au total).<\/li>\n<\/ol>\n<p><em>(Prix sur demande)<\/em>[\/vc_column_text][\/vc_column][\/vc_row]<\/p>\n<\/section>","protected":false},"excerpt":{"rendered":"<p>[vc_row css_animation=&#8221;&#8221; row_type=&#8221;row&#8221; use_row_as_full_screen_section=&#8221;no&#8221; type=&#8221;grid&#8221; angled_section=&#8221;no&#8221; text_align=&#8221;left&#8221; background_image_as_pattern=&#8221;without_pattern&#8221; z_index=&#8221;&#8221; background_color=&#8221;#ffffff&#8221; padding_top=&#8221;10&#8243; padding_bottom=&#8221;10&#8243; css=&#8221;.vc_custom_1597588270662{margin-top: 0px !important;margin-bottom: 0px !important;padding-top: 30px !important;padding-bottom: 30px !important;background-color: #ffffff !important;background-position: center !important;background-repeat: no-repeat !important;background-size: contain !important;}&#8221;][vc_column width=&#8221;1\/2&#8243; css=&#8221;.vc_custom_1597588365165{margin-top: 0px !important;margin-right: 0px !important;margin-bottom: 0px !important;padding-right: 0px !important;}&#8221;][vc_single_image image=&#8221;708&#8243; img_size=&#8221;full&#8221; alignment=&#8221;center&#8221; qode_css_animation=&#8221;&#8221; qode_hover_animation=&#8221;zoom_in&#8221; css=&#8221;.vc_custom_1598217350519{margin-top:&#8230;<\/p>\n","protected":false},"author":1,"featured_media":0,"parent":0,"menu_order":0,"comment_status":"closed","ping_status":"closed","template":"full_width.php","meta":{"_mi_skip_tracking":false,"footnotes":""},"class_list":["post-691","page","type-page","status-publish","hentry"],"yoast_head":"<!-- This site is optimized with the Yoast SEO plugin v20.6 - https:\/\/yoast.com\/wordpress\/plugins\/seo\/ -->\n<title>Conf\u00e9rence et Masterclass sur le Marketing digital - CBP Network<\/title>\n<meta name=\"robots\" content=\"index, follow, max-snippet:-1, max-image-preview:large, max-video-preview:-1\" \/>\n<link rel=\"canonical\" href=\"https:\/\/cbpnetwork.fr\/index.php\/conference-et-masterclass-sur-le-marketing-digital\/\" \/>\n<meta property=\"og:locale\" content=\"en_US\" \/>\n<meta property=\"og:type\" content=\"article\" \/>\n<meta property=\"og:title\" content=\"Conf\u00e9rence et Masterclass sur le Marketing digital - CBP Network\" \/>\n<meta property=\"og:description\" content=\"[vc_row css_animation=&#8221;&#8221; row_type=&#8221;row&#8221; use_row_as_full_screen_section=&#8221;no&#8221; type=&#8221;grid&#8221; angled_section=&#8221;no&#8221; text_align=&#8221;left&#8221; background_image_as_pattern=&#8221;without_pattern&#8221; z_index=&#8221;&#8221; background_color=&#8221;#ffffff&#8221; padding_top=&#8221;10&#8243; padding_bottom=&#8221;10&#8243; css=&#8221;.vc_custom_1597588270662{margin-top: 0px !important;margin-bottom: 0px !important;padding-top: 30px !important;padding-bottom: 30px !important;background-color: #ffffff !important;background-position: center !important;background-repeat: no-repeat !important;background-size: contain !important;}&#8221;][vc_column width=&#8221;1\/2&#8243; css=&#8221;.vc_custom_1597588365165{margin-top: 0px !important;margin-right: 0px !important;margin-bottom: 0px !important;padding-right: 0px !important;}&#8221;][vc_single_image image=&#8221;708&#8243; img_size=&#8221;full&#8221; alignment=&#8221;center&#8221; qode_css_animation=&#8221;&#8221; qode_hover_animation=&#8221;zoom_in&#8221; css=&#8221;.vc_custom_1598217350519{margin-top:...\" \/>\n<meta property=\"og:url\" content=\"https:\/\/cbpnetwork.fr\/index.php\/conference-et-masterclass-sur-le-marketing-digital\/\" \/>\n<meta property=\"og:site_name\" content=\"CBP Network\" \/>\n<meta property=\"article:modified_time\" content=\"2020-09-13T19:40:08+00:00\" \/>\n<meta name=\"twitter:card\" content=\"summary_large_image\" \/>\n<meta name=\"twitter:label1\" content=\"Est. reading time\" \/>\n\t<meta name=\"twitter:data1\" content=\"4 minutes\" \/>\n<script type=\"application\/ld+json\" class=\"yoast-schema-graph\">{\"@context\":\"https:\/\/schema.org\",\"@graph\":[{\"@type\":\"WebPage\",\"@id\":\"https:\/\/cbpnetwork.fr\/index.php\/conference-et-masterclass-sur-le-marketing-digital\/\",\"url\":\"https:\/\/cbpnetwork.fr\/index.php\/conference-et-masterclass-sur-le-marketing-digital\/\",\"name\":\"Conf\u00e9rence et Masterclass sur le Marketing digital - CBP Network\",\"isPartOf\":{\"@id\":\"https:\/\/cbpnetwork.fr\/#website\"},\"datePublished\":\"2020-08-22T12:39:12+00:00\",\"dateModified\":\"2020-09-13T19:40:08+00:00\",\"breadcrumb\":{\"@id\":\"https:\/\/cbpnetwork.fr\/index.php\/conference-et-masterclass-sur-le-marketing-digital\/#breadcrumb\"},\"inLanguage\":\"en-US\",\"potentialAction\":[{\"@type\":\"ReadAction\",\"target\":[\"https:\/\/cbpnetwork.fr\/index.php\/conference-et-masterclass-sur-le-marketing-digital\/\"]}]},{\"@type\":\"BreadcrumbList\",\"@id\":\"https:\/\/cbpnetwork.fr\/index.php\/conference-et-masterclass-sur-le-marketing-digital\/#breadcrumb\",\"itemListElement\":[{\"@type\":\"ListItem\",\"position\":1,\"name\":\"Accueil\",\"item\":\"https:\/\/cbpnetwork.fr\/\"},{\"@type\":\"ListItem\",\"position\":2,\"name\":\"Conf\u00e9rence et Masterclass sur le Marketing digital\"}]},{\"@type\":\"WebSite\",\"@id\":\"https:\/\/cbpnetwork.fr\/#website\",\"url\":\"https:\/\/cbpnetwork.fr\/\",\"name\":\"CBP Network\",\"description\":\"Agence digitale sp\u00e9cialis\u00e9e en Social Media Management\",\"potentialAction\":[{\"@type\":\"SearchAction\",\"target\":{\"@type\":\"EntryPoint\",\"urlTemplate\":\"https:\/\/cbpnetwork.fr\/?s={search_term_string}\"},\"query-input\":\"required name=search_term_string\"}],\"inLanguage\":\"en-US\"}]}<\/script>\n<!-- \/ Yoast SEO plugin. -->","yoast_head_json":{"title":"Conf\u00e9rence et Masterclass sur le Marketing digital - CBP Network","robots":{"index":"index","follow":"follow","max-snippet":"max-snippet:-1","max-image-preview":"max-image-preview:large","max-video-preview":"max-video-preview:-1"},"canonical":"https:\/\/cbpnetwork.fr\/index.php\/conference-et-masterclass-sur-le-marketing-digital\/","og_locale":"en_US","og_type":"article","og_title":"Conf\u00e9rence et Masterclass sur le Marketing digital - CBP Network","og_description":"[vc_row css_animation=&#8221;&#8221; row_type=&#8221;row&#8221; use_row_as_full_screen_section=&#8221;no&#8221; type=&#8221;grid&#8221; angled_section=&#8221;no&#8221; text_align=&#8221;left&#8221; background_image_as_pattern=&#8221;without_pattern&#8221; z_index=&#8221;&#8221; background_color=&#8221;#ffffff&#8221; padding_top=&#8221;10&#8243; padding_bottom=&#8221;10&#8243; css=&#8221;.vc_custom_1597588270662{margin-top: 0px !important;margin-bottom: 0px !important;padding-top: 30px !important;padding-bottom: 30px !important;background-color: #ffffff !important;background-position: center !important;background-repeat: no-repeat !important;background-size: contain !important;}&#8221;][vc_column width=&#8221;1\/2&#8243; css=&#8221;.vc_custom_1597588365165{margin-top: 0px !important;margin-right: 0px !important;margin-bottom: 0px !important;padding-right: 0px !important;}&#8221;][vc_single_image image=&#8221;708&#8243; img_size=&#8221;full&#8221; alignment=&#8221;center&#8221; qode_css_animation=&#8221;&#8221; qode_hover_animation=&#8221;zoom_in&#8221; css=&#8221;.vc_custom_1598217350519{margin-top:...","og_url":"https:\/\/cbpnetwork.fr\/index.php\/conference-et-masterclass-sur-le-marketing-digital\/","og_site_name":"CBP Network","article_modified_time":"2020-09-13T19:40:08+00:00","twitter_card":"summary_large_image","twitter_misc":{"Est. reading time":"4 minutes"},"schema":{"@context":"https:\/\/schema.org","@graph":[{"@type":"WebPage","@id":"https:\/\/cbpnetwork.fr\/index.php\/conference-et-masterclass-sur-le-marketing-digital\/","url":"https:\/\/cbpnetwork.fr\/index.php\/conference-et-masterclass-sur-le-marketing-digital\/","name":"Conf\u00e9rence et Masterclass sur le Marketing digital - CBP Network","isPartOf":{"@id":"https:\/\/cbpnetwork.fr\/#website"},"datePublished":"2020-08-22T12:39:12+00:00","dateModified":"2020-09-13T19:40:08+00:00","breadcrumb":{"@id":"https:\/\/cbpnetwork.fr\/index.php\/conference-et-masterclass-sur-le-marketing-digital\/#breadcrumb"},"inLanguage":"en-US","potentialAction":[{"@type":"ReadAction","target":["https:\/\/cbpnetwork.fr\/index.php\/conference-et-masterclass-sur-le-marketing-digital\/"]}]},{"@type":"BreadcrumbList","@id":"https:\/\/cbpnetwork.fr\/index.php\/conference-et-masterclass-sur-le-marketing-digital\/#breadcrumb","itemListElement":[{"@type":"ListItem","position":1,"name":"Accueil","item":"https:\/\/cbpnetwork.fr\/"},{"@type":"ListItem","position":2,"name":"Conf\u00e9rence et Masterclass sur le Marketing digital"}]},{"@type":"WebSite","@id":"https:\/\/cbpnetwork.fr\/#website","url":"https:\/\/cbpnetwork.fr\/","name":"CBP Network","description":"Agence digitale sp\u00e9cialis\u00e9e en Social Media Management","potentialAction":[{"@type":"SearchAction","target":{"@type":"EntryPoint","urlTemplate":"https:\/\/cbpnetwork.fr\/?s={search_term_string}"},"query-input":"required name=search_term_string"}],"inLanguage":"en-US"}]}},"_links":{"self":[{"href":"https:\/\/cbpnetwork.fr\/index.php\/wp-json\/wp\/v2\/pages\/691","targetHints":{"allow":["GET"]}}],"collection":[{"href":"https:\/\/cbpnetwork.fr\/index.php\/wp-json\/wp\/v2\/pages"}],"about":[{"href":"https:\/\/cbpnetwork.fr\/index.php\/wp-json\/wp\/v2\/types\/page"}],"author":[{"embeddable":true,"href":"https:\/\/cbpnetwork.fr\/index.php\/wp-json\/wp\/v2\/users\/1"}],"replies":[{"embeddable":true,"href":"https:\/\/cbpnetwork.fr\/index.php\/wp-json\/wp\/v2\/comments?post=691"}],"version-history":[{"count":6,"href":"https:\/\/cbpnetwork.fr\/index.php\/wp-json\/wp\/v2\/pages\/691\/revisions"}],"predecessor-version":[{"id":793,"href":"https:\/\/cbpnetwork.fr\/index.php\/wp-json\/wp\/v2\/pages\/691\/revisions\/793"}],"wp:attachment":[{"href":"https:\/\/cbpnetwork.fr\/index.php\/wp-json\/wp\/v2\/media?parent=691"}],"curies":[{"name":"wp","href":"https:\/\/api.w.org\/{rel}","templated":true}]}}