{"id":7,"date":"2020-03-17T10:50:23","date_gmt":"2020-03-17T10:50:23","guid":{"rendered":"https:\/\/bridge348.qodeinteractive.com\/?page_id=7"},"modified":"2020-10-06T10:37:22","modified_gmt":"2020-10-06T08:37:22","slug":"accueil","status":"publish","type":"page","link":"https:\/\/cbpnetwork.fr\/","title":{"rendered":"Accueil"},"content":{"rendered":"<section class=\"wpb-content-wrapper\"><p>[vc_row css_animation=&#8221;&#8221; row_type=&#8221;row&#8221; use_row_as_full_screen_section=&#8221;no&#8221; type=&#8221;full_width&#8221; angled_section=&#8221;no&#8221; text_align=&#8221;left&#8221; background_image_as_pattern=&#8221;without_pattern&#8221; z_index=&#8221;&#8221; css=&#8221;.vc_custom_1597594500037{margin-top: 0px !important;margin-bottom: 0px !important;padding-top: 0px !important;padding-bottom: 0px !important;}&#8221;][vc_column css=&#8221;.vc_custom_1597594490442{margin-top: 0px !important;margin-bottom: 0px !important;padding-top: 0px !important;padding-bottom: 0px !important;}&#8221;][qode_vertical_split_slider][qode_vertical_right_sliding_panel][qode_vertical_slide_content_item aligment=&#8221;left&#8221; header_style=&#8221;light&#8221; background_color=&#8221;#e53983&#8243; item_padding=&#8221;70px&#8221;][vc_column_text]<\/p>\n<h3>CBPNetwork.fr est une agence digitale sp\u00e9cialis\u00e9e en Social Media Management, cr\u00e9\u00e9e il y a 8 ans par Chris DORIVAL.<\/h3>\n<p>[\/vc_column_text][vc_separator type=&#8221;small&#8221; position=&#8221;left&#8221; color=&#8221;#000000&#8243;][vc_column_text]<\/p>\n<h4><span style=\"color: #000000;\">Bon nombre d\u2019entreprises existent dans ce domaine, qui ne cesse de gagner en popularit\u00e9 en France et \u00e0 l\u2019\u00e9tranger. Oui, les agences pullulent !<\/span><\/h4>\n<p><span style=\"color: #000000;\"><strong>Et bien justement, c\u2019est l\u2019un des probl\u00e8mes que les clients rencontrent souvent\u00a0:<\/strong> <\/span><\/p>\n<p><span style=\"color: #000000;\">\u2022 Comment faire le bon choix d\u2019agence\u00a0?<br \/>\n<\/span><span style=\"color: #000000;\">\u2022 Quels vont \u00eatre les interlocuteurs\u00a0privil\u00e9gi\u00e9s, seront-ils disponibles et r\u00e9actifs en cas de besoins sp\u00e9cifiques ?<br \/>\n<\/span><span style=\"color: #000000;\">\u2022 Quid du suivi au quotidien\u00a0?<br \/>\n<\/span><span style=\"color: #000000;\">\u2022 Vont-ils se mettre \u00e0 la port\u00e9e de chacun pour que tout le monde puisse comprendre la terminologie, les anglicismes, les mots techniques\u00a0des dossiers en cours ? <\/span><\/p>\n<p><span style=\"color: #000000;\">Un besoin de garanties est n\u00e9cessaire en termes de s\u00e9rieux et de ROI, d\u00e8s lors que l\u2019on signe le contrat. <\/span><\/p>\n<p><span style=\"color: #000000;\">Beaucoup d\u2019interrogations auxquelles nous faisons en sorte de r\u00e9pondre dans le moindre d\u00e9tail\u00a0!<\/span>[\/vc_column_text][vc_empty_space][vc_gallery type=&#8221;image_grid&#8221; images=&#8221;673,674,675&#8243; onclick=&#8221;custom_link&#8221; css_animation=&#8221;bounceIn&#8221; column_number=&#8221;5&#8243; grayscale=&#8221;no&#8221; images_space=&#8221;gallery_without_space&#8221; custom_links=&#8221;#E-8_aHR0cCUzQSUyRiUyRmNicG5ldGwuY2x1c3RlcjAyOC5ob3N0aW5nLm92aC5uZXQlMkZpbmRleC5waHAlMkZjb2FjaGluZy1qZXVuZXMtZW50cmVwcmVuZXVyZXMlMkYlMkNodHRwJTNBJTJGJTJGY2JwbmV0bC5jbHVzdGVyMDI4Lmhvc3Rpbmcub3ZoLm5ldCUyRmluZGV4LnBocCUyRmNvbmZlcmVuY2UtZXQtbWFzdGVyY2xhc3Mtc3VyLWxlLW1hcmtldGluZy1kaWdpdGFsJTJGJTJDaHR0cCUzQSUyRiUyRmNicG5ldGwuY2x1c3RlcjAyOC5ob3N0aW5nLm92aC5uZXQlMkZpbmRleC5waHAlMkZjb2FjaGluZy1qZXVuZXMtZW50cmVwcmVuZXVyZXMlMkY=&#8221; css=&#8221;.vc_custom_1598219502963{margin-left: 30% !important;}&#8221;][\/qode_vertical_slide_content_item][qode_vertical_slide_content_item aligment=&#8221;left&#8221; background_image=&#8221;614&#8243;][\/qode_vertical_slide_content_item][qode_vertical_slide_content_item aligment=&#8221;left&#8221; background_color=&#8221;#de4702&#8243; item_padding=&#8221;70px&#8221;][vc_column_text]<\/p>\n<h3><span style=\"color: #ffffff;\">A l&#8217;aff\u00fbt des nouvelles tendances<\/span><\/h3>\n<p>[\/vc_column_text][vc_separator type=&#8221;small&#8221; position=&#8221;left&#8221; color=&#8221;#ffffff&#8221;][vc_column_text]<\/p>\n<h4><span style=\"color: #ffffff;\">et autres outils du web pour rester comp\u00e9titifs et toujours garder une longueur d\u2019avance : notre motto est de r\u00e9pondre \u00e0 100 % \u00e0 vos attentes et desiderata, avec une v\u00e9ritable identit\u00e9 qui vous colle \u00e0 la peau !<\/span><\/h4>\n<p><span style=\"color: #ffffff;\">Passionn\u00e9s par la communication, les r\u00e9seaux sociaux &amp; l&#8217;\u00e9criture 3.0, vous pouvez compter sur nous pour faire de votre Marketing digital, une merveilleuse histoire que tout le monde aura envie de partager. <\/span>[\/vc_column_text]<div class=\"call_to_action simple\" style=\"background-color: #de4702;\"><div class=\"text_wrapper column1\"><div class=\"call_to_action_text  font_weight_inherit\" style=\"font-weight: 300;\"><\/div><a itemprop=\"url\" href=\"https:\/\/cbpnetwork.fr\/index.php\/contact-2\/\" class=\"qbutton white medium\" target=\"_self\" style=\"color: #ffffff;border-color: #ffffff;background-color: #de4702;\" data-hover-background-color=#ffffff data-hover-border-color=#ffffff data-hover-color=#de4702>Ecrivons-la ensemble !<\/a><\/div><\/div>[\/qode_vertical_slide_content_item][\/qode_vertical_right_sliding_panel][qode_vertical_left_sliding_panel][qode_vertical_slide_content_item aligment=&#8221;right&#8221; background_color=&#8221;#e53983&#8243; background_image=&#8221;593&#8243;][\/qode_vertical_slide_content_item][qode_vertical_slide_content_item aligment=&#8221;left&#8221; background_color=&#8221;#31c8a2&#8243; item_padding=&#8221;70px&#8221;][vc_column_text]<\/p>\n<h3>Chez nous, nous nous appuyons sur une solide exp\u00e9rience du terrain<\/h3>\n<p>[\/vc_column_text][vc_separator type=&#8221;small&#8221; position=&#8221;left&#8221; color=&#8221;#000000&#8243;][vc_column_text]<\/p>\n<h4><span style=\"color: #000000;\">nous poss\u00e9dons \u00e9norm\u00e9ment de recul sur la strat\u00e9gie digitale et les r\u00e9seaux sociaux, les situations complexes et les secteurs d\u2019activit\u00e9 en permanente mutation. <\/span><\/h4>\n<p><span style=\"color: #000000;\">Nous pouvons aussi bien travailler avec des Institutions (Mairies), qu&#8217;avec des \u00e9coles, des Artistes, ou des Startup. Pour ces raisons, nous sommes r\u00e9alistes et fixons avec vous des objectifs SMART ! Oui, notre expertise et exp\u00e9rience ont grandi avec nous, en collaborant avec des Startup, des marques, de nombreux acteurs du territoire essonnien et parisien\u2026<\/span>[\/vc_column_text][vc_empty_space][vc_column_text]<\/p>\n<h3 style=\"text-align: left;\"><span style=\"color: #000000;\">Ils nous ont fait confiance<br \/>\n<\/span><\/h3>\n<p>[\/vc_column_text][vc_separator type=&#8221;small&#8221; position=&#8221;left&#8221; color=&#8221;#000000&#8243;][vc_empty_space][qode_clients columns=&#8221;six_columns&#8221; hover_effect=&#8221;default&#8221; disable_separators=&#8221;yes&#8221;][qode_client link_target=&#8221;_blank&#8221; image=&#8221;616&#8243; link=&#8221;https:\/\/acmsourcing.com\/&#8221;][qode_client link_target=&#8221;_blank&#8221; image=&#8221;626&#8243; link=&#8221;https:\/\/www.medef-essonne.org\/fr\/&#8221;][qode_client link_target=&#8221;_blank&#8221; image=&#8221;627&#8243; link=&#8221;https:\/\/www.telecom-paris.fr&#8221;][qode_client link_target=&#8221;_blank&#8221; image=&#8221;625&#8243; link=&#8221;https:\/\/www.evrycourcouronnes.fr\/jeunesse\/&#8221;][qode_client link_target=&#8221;_blank&#8221; image=&#8221;624&#8243; link=&#8221;https:\/\/www.itescia.fr\/&#8221;][qode_client link_target=&#8221;_blank&#8221; image=&#8221;623&#8243; link=&#8221;https:\/\/www.escen.fr\/&#8221;][qode_client link_target=&#8221;_blank&#8221; image=&#8221;622&#8243; link=&#8221;https:\/\/www.ville-epinay-senart.fr\/&#8221;][qode_client link_target=&#8221;_blank&#8221; image=&#8221;621&#8243; link=&#8221;https:\/\/www.crpbeauvoir.fr\/&#8221;][qode_client link_target=&#8221;_blank&#8221; image=&#8221;620&#8243; link=&#8221;https:\/\/codingfactory.fr\/&#8221;][qode_client link_target=&#8221;_blank&#8221; image=&#8221;619&#8243; link=&#8221;https:\/\/www.arbres-et-paysages.com\/&#8221;][qode_client link_target=&#8221;_blank&#8221; image=&#8221;618&#8243; link=&#8221;https:\/\/www.aljt.com\/&#8221;][\/qode_clients][\/qode_vertical_slide_content_item][qode_vertical_slide_content_item aligment=&#8221;right&#8221; background_image=&#8221;432&#8243;][\/qode_vertical_slide_content_item][\/qode_vertical_left_sliding_panel][\/qode_vertical_split_slider][\/vc_column][\/vc_row]<\/p>\n<\/section>","protected":false},"excerpt":{"rendered":"<p>[vc_row css_animation=&#8221;&#8221; row_type=&#8221;row&#8221; use_row_as_full_screen_section=&#8221;no&#8221; type=&#8221;full_width&#8221; angled_section=&#8221;no&#8221; text_align=&#8221;left&#8221; background_image_as_pattern=&#8221;without_pattern&#8221; z_index=&#8221;&#8221; css=&#8221;.vc_custom_1597594500037{margin-top: 0px !important;margin-bottom: 0px !important;padding-top: 0px !important;padding-bottom: 0px !important;}&#8221;][vc_column css=&#8221;.vc_custom_1597594490442{margin-top: 0px !important;margin-bottom: 0px !important;padding-top: 0px !important;padding-bottom: 0px !important;}&#8221;][qode_vertical_split_slider][qode_vertical_right_sliding_panel][qode_vertical_slide_content_item aligment=&#8221;left&#8221; header_style=&#8221;light&#8221; background_color=&#8221;#e53983&#8243; item_padding=&#8221;70px&#8221;][vc_column_text] CBPNetwork.fr est une agence digitale sp\u00e9cialis\u00e9e en Social Media Management, cr\u00e9\u00e9e il y a&#8230;<\/p>\n","protected":false},"author":2,"featured_media":0,"parent":0,"menu_order":0,"comment_status":"closed","ping_status":"closed","template":"full_width.php","meta":{"_mi_skip_tracking":false,"footnotes":""},"class_list":["post-7","page","type-page","status-publish","hentry"],"yoast_head":"<!-- This site is optimized with the Yoast SEO plugin v20.6 - https:\/\/yoast.com\/wordpress\/plugins\/seo\/ -->\n<title>Accueil - CBP Network<\/title>\n<meta name=\"robots\" content=\"index, follow, max-snippet:-1, max-image-preview:large, max-video-preview:-1\" \/>\n<link rel=\"canonical\" href=\"https:\/\/cbpnetwork.fr\/\" \/>\n<meta property=\"og:locale\" content=\"en_US\" \/>\n<meta property=\"og:type\" content=\"article\" \/>\n<meta property=\"og:title\" content=\"Accueil - CBP Network\" \/>\n<meta property=\"og:description\" content=\"[vc_row css_animation=&#8221;&#8221; row_type=&#8221;row&#8221; use_row_as_full_screen_section=&#8221;no&#8221; type=&#8221;full_width&#8221; angled_section=&#8221;no&#8221; text_align=&#8221;left&#8221; background_image_as_pattern=&#8221;without_pattern&#8221; z_index=&#8221;&#8221; css=&#8221;.vc_custom_1597594500037{margin-top: 0px !important;margin-bottom: 0px !important;padding-top: 0px !important;padding-bottom: 0px !important;}&#8221;][vc_column css=&#8221;.vc_custom_1597594490442{margin-top: 0px !important;margin-bottom: 0px !important;padding-top: 0px !important;padding-bottom: 0px !important;}&#8221;][qode_vertical_split_slider][qode_vertical_right_sliding_panel][qode_vertical_slide_content_item aligment=&#8221;left&#8221; header_style=&#8221;light&#8221; background_color=&#8221;#e53983&#8243; item_padding=&#8221;70px&#8221;][vc_column_text] CBPNetwork.fr est une agence digitale sp\u00e9cialis\u00e9e en Social Media Management, cr\u00e9\u00e9e il y a...\" \/>\n<meta property=\"og:url\" content=\"https:\/\/cbpnetwork.fr\/\" \/>\n<meta property=\"og:site_name\" content=\"CBP Network\" \/>\n<meta property=\"article:modified_time\" content=\"2020-10-06T08:37:22+00:00\" \/>\n<meta name=\"twitter:card\" content=\"summary_large_image\" \/>\n<meta name=\"twitter:label1\" content=\"Est. reading time\" \/>\n\t<meta name=\"twitter:data1\" content=\"4 minutes\" \/>\n<script type=\"application\/ld+json\" class=\"yoast-schema-graph\">{\"@context\":\"https:\/\/schema.org\",\"@graph\":[{\"@type\":\"WebPage\",\"@id\":\"https:\/\/cbpnetwork.fr\/\",\"url\":\"https:\/\/cbpnetwork.fr\/\",\"name\":\"Accueil - CBP Network\",\"isPartOf\":{\"@id\":\"https:\/\/cbpnetwork.fr\/#website\"},\"datePublished\":\"2020-03-17T10:50:23+00:00\",\"dateModified\":\"2020-10-06T08:37:22+00:00\",\"breadcrumb\":{\"@id\":\"https:\/\/cbpnetwork.fr\/#breadcrumb\"},\"inLanguage\":\"en-US\",\"potentialAction\":[{\"@type\":\"ReadAction\",\"target\":[\"https:\/\/cbpnetwork.fr\/\"]}]},{\"@type\":\"BreadcrumbList\",\"@id\":\"https:\/\/cbpnetwork.fr\/#breadcrumb\",\"itemListElement\":[{\"@type\":\"ListItem\",\"position\":1,\"name\":\"Accueil\",\"item\":\"https:\/\/cbpnetwork.fr\/\"},{\"@type\":\"ListItem\",\"position\":2,\"name\":\"Accueil\"}]},{\"@type\":\"WebSite\",\"@id\":\"https:\/\/cbpnetwork.fr\/#website\",\"url\":\"https:\/\/cbpnetwork.fr\/\",\"name\":\"CBP Network\",\"description\":\"Agence digitale sp\u00e9cialis\u00e9e en Social Media Management\",\"potentialAction\":[{\"@type\":\"SearchAction\",\"target\":{\"@type\":\"EntryPoint\",\"urlTemplate\":\"https:\/\/cbpnetwork.fr\/?s={search_term_string}\"},\"query-input\":\"required name=search_term_string\"}],\"inLanguage\":\"en-US\"}]}<\/script>\n<!-- \/ Yoast SEO plugin. -->","yoast_head_json":{"title":"Accueil - CBP Network","robots":{"index":"index","follow":"follow","max-snippet":"max-snippet:-1","max-image-preview":"max-image-preview:large","max-video-preview":"max-video-preview:-1"},"canonical":"https:\/\/cbpnetwork.fr\/","og_locale":"en_US","og_type":"article","og_title":"Accueil - CBP Network","og_description":"[vc_row css_animation=&#8221;&#8221; row_type=&#8221;row&#8221; use_row_as_full_screen_section=&#8221;no&#8221; type=&#8221;full_width&#8221; angled_section=&#8221;no&#8221; text_align=&#8221;left&#8221; background_image_as_pattern=&#8221;without_pattern&#8221; z_index=&#8221;&#8221; css=&#8221;.vc_custom_1597594500037{margin-top: 0px !important;margin-bottom: 0px !important;padding-top: 0px !important;padding-bottom: 0px !important;}&#8221;][vc_column css=&#8221;.vc_custom_1597594490442{margin-top: 0px !important;margin-bottom: 0px !important;padding-top: 0px !important;padding-bottom: 0px !important;}&#8221;][qode_vertical_split_slider][qode_vertical_right_sliding_panel][qode_vertical_slide_content_item aligment=&#8221;left&#8221; header_style=&#8221;light&#8221; background_color=&#8221;#e53983&#8243; item_padding=&#8221;70px&#8221;][vc_column_text] CBPNetwork.fr est une agence digitale sp\u00e9cialis\u00e9e en Social Media Management, cr\u00e9\u00e9e il y a...","og_url":"https:\/\/cbpnetwork.fr\/","og_site_name":"CBP Network","article_modified_time":"2020-10-06T08:37:22+00:00","twitter_card":"summary_large_image","twitter_misc":{"Est. reading time":"4 minutes"},"schema":{"@context":"https:\/\/schema.org","@graph":[{"@type":"WebPage","@id":"https:\/\/cbpnetwork.fr\/","url":"https:\/\/cbpnetwork.fr\/","name":"Accueil - CBP Network","isPartOf":{"@id":"https:\/\/cbpnetwork.fr\/#website"},"datePublished":"2020-03-17T10:50:23+00:00","dateModified":"2020-10-06T08:37:22+00:00","breadcrumb":{"@id":"https:\/\/cbpnetwork.fr\/#breadcrumb"},"inLanguage":"en-US","potentialAction":[{"@type":"ReadAction","target":["https:\/\/cbpnetwork.fr\/"]}]},{"@type":"BreadcrumbList","@id":"https:\/\/cbpnetwork.fr\/#breadcrumb","itemListElement":[{"@type":"ListItem","position":1,"name":"Accueil","item":"https:\/\/cbpnetwork.fr\/"},{"@type":"ListItem","position":2,"name":"Accueil"}]},{"@type":"WebSite","@id":"https:\/\/cbpnetwork.fr\/#website","url":"https:\/\/cbpnetwork.fr\/","name":"CBP Network","description":"Agence digitale sp\u00e9cialis\u00e9e en Social Media Management","potentialAction":[{"@type":"SearchAction","target":{"@type":"EntryPoint","urlTemplate":"https:\/\/cbpnetwork.fr\/?s={search_term_string}"},"query-input":"required name=search_term_string"}],"inLanguage":"en-US"}]}},"_links":{"self":[{"href":"https:\/\/cbpnetwork.fr\/index.php\/wp-json\/wp\/v2\/pages\/7","targetHints":{"allow":["GET"]}}],"collection":[{"href":"https:\/\/cbpnetwork.fr\/index.php\/wp-json\/wp\/v2\/pages"}],"about":[{"href":"https:\/\/cbpnetwork.fr\/index.php\/wp-json\/wp\/v2\/types\/page"}],"author":[{"embeddable":true,"href":"https:\/\/cbpnetwork.fr\/index.php\/wp-json\/wp\/v2\/users\/2"}],"replies":[{"embeddable":true,"href":"https:\/\/cbpnetwork.fr\/index.php\/wp-json\/wp\/v2\/comments?post=7"}],"version-history":[{"count":72,"href":"https:\/\/cbpnetwork.fr\/index.php\/wp-json\/wp\/v2\/pages\/7\/revisions"}],"predecessor-version":[{"id":803,"href":"https:\/\/cbpnetwork.fr\/index.php\/wp-json\/wp\/v2\/pages\/7\/revisions\/803"}],"wp:attachment":[{"href":"https:\/\/cbpnetwork.fr\/index.php\/wp-json\/wp\/v2\/media?parent=7"}],"curies":[{"name":"wp","href":"https:\/\/api.w.org\/{rel}","templated":true}]}}